{"id":263,"date":"2022-10-26T12:11:06","date_gmt":"2022-10-26T12:11:06","guid":{"rendered":"https:\/\/flaimway.com\/?page_id=263"},"modified":"2024-03-17T09:30:50","modified_gmt":"2024-03-17T09:30:50","slug":"privacy-policy_de","status":"publish","type":"page","link":"https:\/\/fixxit.at\/?page_id=263","title":{"rendered":"Datenschutzerkl\u00e4rung"},"content":{"rendered":"\t\t<div data-elementor-type=\"wp-page\" data-elementor-id=\"263\" class=\"elementor elementor-263\" data-elementor-post-type=\"page\">\n\t\t\t\t\t\t<section class=\"elementor-section elementor-top-section elementor-element elementor-element-2949744a elementor-section-boxed elementor-section-height-default elementor-section-height-default\" data-id=\"2949744a\" data-element_type=\"section\" data-settings=\"{&quot;background_background&quot;:&quot;classic&quot;}\">\n\t\t\t\t\t\t\t<div class=\"elementor-background-overlay\"><\/div>\n\t\t\t\t\t\t\t<div class=\"elementor-container elementor-column-gap-default\">\n\t\t\t\t\t<div class=\"elementor-column elementor-col-100 elementor-top-column elementor-element elementor-element-74342623\" data-id=\"74342623\" data-element_type=\"column\">\n\t\t\t<div class=\"elementor-widget-wrap elementor-element-populated\">\n\t\t\t\t\t\t<div class=\"elementor-element elementor-element-6092a798 elementor-widget elementor-widget-heading\" data-id=\"6092a798\" data-element_type=\"widget\" data-widget_type=\"heading.default\">\n\t\t\t\t<div class=\"elementor-widget-container\">\n\t\t\t<style>\/*! elementor - v3.20.0 - 13-03-2024 *\/\n.elementor-heading-title{padding:0;margin:0;line-height:1}.elementor-widget-heading .elementor-heading-title[class*=elementor-size-]>a{color:inherit;font-size:inherit;line-height:inherit}.elementor-widget-heading .elementor-heading-title.elementor-size-small{font-size:15px}.elementor-widget-heading .elementor-heading-title.elementor-size-medium{font-size:19px}.elementor-widget-heading .elementor-heading-title.elementor-size-large{font-size:29px}.elementor-widget-heading .elementor-heading-title.elementor-size-xl{font-size:39px}.elementor-widget-heading .elementor-heading-title.elementor-size-xxl{font-size:59px}<\/style><h1 class=\"elementor-heading-title elementor-size-xxl\">DATENSCHUTZERKL\u00c4RUNG<\/h1>\t\t<\/div>\n\t\t\t\t<\/div>\n\t\t\t\t\t<\/div>\n\t\t<\/div>\n\t\t\t\t\t<\/div>\n\t\t<\/section>\n\t\t\t\t<section class=\"elementor-section elementor-top-section elementor-element elementor-element-d0ccc3 elementor-section-boxed elementor-section-height-default elementor-section-height-default\" data-id=\"d0ccc3\" data-element_type=\"section\">\n\t\t\t\t\t\t<div class=\"elementor-container elementor-column-gap-default\">\n\t\t\t\t\t<div class=\"elementor-column elementor-col-100 elementor-top-column elementor-element elementor-element-3dda97aa\" data-id=\"3dda97aa\" data-element_type=\"column\">\n\t\t\t<div class=\"elementor-widget-wrap elementor-element-populated\">\n\t\t\t\t\t\t<div class=\"elementor-element elementor-element-374dad88 elementor-widget elementor-widget-text-editor\" data-id=\"374dad88\" data-element_type=\"widget\" data-widget_type=\"text-editor.default\">\n\t\t\t\t<div class=\"elementor-widget-container\">\n\t\t\t<style>\/*! elementor - v3.20.0 - 13-03-2024 *\/\n.elementor-widget-text-editor.elementor-drop-cap-view-stacked .elementor-drop-cap{background-color:#69727d;color:#fff}.elementor-widget-text-editor.elementor-drop-cap-view-framed .elementor-drop-cap{color:#69727d;border:3px solid;background-color:transparent}.elementor-widget-text-editor:not(.elementor-drop-cap-view-default) .elementor-drop-cap{margin-top:8px}.elementor-widget-text-editor:not(.elementor-drop-cap-view-default) .elementor-drop-cap-letter{width:1em;height:1em}.elementor-widget-text-editor .elementor-drop-cap{float:left;text-align:center;line-height:1;font-size:50px}.elementor-widget-text-editor .elementor-drop-cap-letter{display:inline-block}<\/style>\t\t\t\t<p><strong>DATENSCHUTZERKL\u00c4RUNG<br \/><br \/>Datenschutz-Bestimmungen<\/strong><\/p><p>Wir haben diese Datenschutzrichtlinie erstellt, um die wichtigsten Fragen dar\u00fcber zu beantworten, wie die Unternehmensgruppe FIXXIT GmbH (im Folgenden gemeinsam als wir, FIXXIT bezeichnet) Informationen \u00fcber Sie sammelt, verwendet und speichert. Wir befolgen die Anforderungen der so genannten Datenschutz-Grundverordnung der Europ\u00e4ischen Union (DSGVO)1 und anderer Gesetze, die Ihre personenbezogenen Daten bei FIXXIT sch\u00fctzen. F\u00fcr weitere Informationen lesen Sie bitte diese Datenschutzrichtlinie sorgf\u00e4ltig durch.<\/p><p>Diese Datenschutzrichtlinie kann von Zeit zu Zeit aktualisiert werden. Wir werden App-\/Website-Besucher \u00fcber Aktualisierungen informieren, indem wir die neueste Version der Richtlinie zusammen mit Datumsangaben, an denen \u00c4nderungen eingef\u00fchrt wurden, hier platzieren.<\/p><p>Wenn Sie Fragen zu dieser Datenschutzrichtlinie oder Ihrer Privatsph\u00e4re haben, kontaktieren Sie uns bitte unter <a href=\"mailto:office@fixxit.at\">office@fixxit.at<\/a>.<\/p><p>\u00a0<\/p><p><strong>Warum sammeln wir Informationen \u00fcber Sie?<\/strong><\/p><p>Wir sind immer auf der Suche nach klugen Netzwerkern und Kunden, und wenn Sie einer sind, empfehlen wir Ihnen, unsere Einkaufsplattform zu nutzen. Wenn Sie sich als Netzwerkpartner registrieren, verarbeiten wir Ihre personenbezogenen Daten f\u00fcr Vertriebspartner und Einkaufszwecke, um Sie \u00fcber unsere Plattform zu Verdiensten, Cashback und Einsparungen zu bef\u00e4higen.<\/p><p>\u00a0<\/p><p><strong>Welche Informationen sammeln wir?<\/strong><\/p><p>Wir erheben, verwenden und speichern die f\u00fcr die Vertriebspartner und Einkaufszwecke erforderlichen Informationen wie oben beschrieben:<\/p><p>Name und Nachname<\/p><p>E-Mail-Adresse<\/p><p>Telefonnummer<\/p><p>Adresse<\/p><p>KYC-Dokumente<\/p><p>Ausbildung<\/p><p>Sprache<\/p><p>Netzwerkdaten<\/p><p>Empfehlungen<\/p><p>Rechnungen<\/p><p>Statistiken<\/p><p>Geheimhaltungsvereinbarung<\/p><p>LinkedIn-URL<\/p><p>GitHub-URL<\/p><p>URL der pers\u00f6nlichen Website<\/p><p>Von Ihnen ausgef\u00fchrte Aufgaben<\/p><p>Interviewnotizen \u00fcber Sie<\/p><p>Andere von Ihnen \u00fcbermittelte Informationen<\/p><p>\u00a0<\/p><p>Bitte ber\u00fccksichtigen Sie bei der Anmeldung, weitere sensible personenbezogene Daten, wie z. B. Gesundheitsinformationen, Informationen zu famili\u00e4ren Beziehungen oder \u00e4hnliches, f\u00fcr den Onboarding-Prozess nicht erforderlich sind.<\/p><p>\u00a0<\/p><p><strong>Warum d\u00fcrfen wir Ihre Daten rechtlich erfassen?<\/strong><\/p><p>Wir sammeln rechtm\u00e4\u00dfig Informationen \u00fcber Sie, weil:<\/p><p>Wir haben die Absicht, einen Vertrag mit Ihnen abzuschlie\u00dfen (Art. 6 (1) (b) der DSGVO) \u2013 wenn Sie sich auf eine Netzwerkpartner-Stelle bewerben oder als Partner und Kunde im Shop einkaufen oder Dienstleistungen in Anspruch nehmen<\/p><p>Sie haben der Verarbeitung Ihrer personenbezogenen Daten zugestimmt (Art. 6 (1) (a) DSGVO) \u2013 wenn Sie FIXXIT erlauben, Sie \u00fcber zuk\u00fcnftige Netzwerk- und\/oder Einkaufsm\u00f6glichkeiten zu kontaktieren;<\/p><p>Wir haben ein berechtigtes Interesse daran, Ihre personenbezogenen Daten aus legitimen Quellen zu erheben und zu verarbeiten (Art. 6 Abs. 1 lit. f DSGVO);<\/p><p>Wir fragen niemals nach besonderen Kategorien von Daten (z. B. Gesundheitsdaten), es sei denn, dies ist w\u00e4hrend des Registrierungsprozesses erforderlich. Sollten Sie uns dennoch und gegen unseren Willen solche Daten \u00fcbermitteln, ist die Rechtsgrundlage f\u00fcr die Verarbeitung Ihre Einwilligung (Art. 9 Abs. 2 lit. a DSGVO).<\/p><p>\u00a0<\/p><p><strong>Welche Angaben m\u00fcssen Sie machen und warum?<\/strong><\/p><p>Sie m\u00fcssen uns die Informationen zur Verf\u00fcgung stellen, die wir ben\u00f6tigen, um den Vertriebspartnerstatus oder Einkaufsprozesse zu erm\u00f6glichen. Sie sind gesetzlich nicht verpflichtet, uns Ihre personenbezogenen Daten im Rahmen der gesetzlichen Verpflichtung bereitzustellen. Wenn Sie uns diese Informationen jedoch nicht zur Verf\u00fcgung stellen, k\u00f6nnen wir Ihre Bewerbung und Ihre Eignung f\u00fcr den Eintritt in einen Netzwerkpartner- oder Kundenstatus nicht beurteilen.<\/p><p><strong>\u00a0<\/strong><\/p><p><strong>Woher bekommen wir Ihre Informationen?<\/strong><\/p><p>Im Allgemeinen erheben wir die Informationen direkt von Ihnen. Einige der Informationen erhalten wir jedoch von den folgenden Parteien:<\/p><p><strong>\u00a0<\/strong><\/p><p><strong>Unternehmen der FIXXIT-Gruppe;<\/strong><\/p><p>Unsere Netzwerkmitglieder (Empfehlungen);<\/p><p>LinkedIn Corporation und andere gesch\u00e4ftsbezogene Social-Media-Quellen und\/oder Kollaborationsplattformen. Wenn wir Informationen aus Ihren Social-Media-Profilen sammeln, stellen wir sicher, dass sie f\u00fcr die Position des Vertriebspartners relevant sind. Wir st\u00fctzen die Erhebung von Daten aus Social-Media-Profilen auf unser berechtigtes Interesse, bestimmte Eigenschaften f\u00fcr bestimmte Netzwerk- oder Produktvermittlungsfunktionen zu bewerten.<\/p><p><strong>\u00a0<\/strong><\/p><p><strong>Geben wir Ihre Informationen an andere Unternehmen weiter?<\/strong><\/p><p>Wir geben die Informationen \u00fcber Sie nur dann an die folgenden Stellen weiter, wenn dies nach geltendem Recht erforderlich und zul\u00e4ssig ist, und nur f\u00fcr die oben beschriebenen Kunden-\/Kauf- und\/ oder Rekrutierungszwecke:<\/p><p>Wir verwenden verschiedene Dienstleister f\u00fcr die Verarbeitung Ihrer personenbezogenen Daten, wie z. B. E-Mail-Dienstleister, Webhosting-Dienstleister, andere Dienstleister f\u00fcr Informations-technologieinfrastruktur und andere. Sie haben m\u00f6glicherweise Zugriff auf Ihre personenbezogenen Daten, jedoch nur in dem Umfang, der f\u00fcr uns erforderlich ist, um ihre Dienste zu erhalten. In jedem Fall stellen wir sicher, dass sie personenbezogene Daten gem\u00e4\u00df den geltenden gesetzlichen Anforderungen sch\u00fctzen.<br \/><br \/><\/p><p><strong>Geben wir Informationen \u00fcber Sie au\u00dferhalb des Europ\u00e4ischen Wirtschaftsraums weiter?<\/strong><\/p><p>Wenn einer unserer Dienstleister au\u00dferhalb des Europ\u00e4ischen Wirtschaftsraums ans\u00e4ssig ist, stellen wir sicher, dass sie personenbezogene Daten gem\u00e4\u00df den europ\u00e4ischen Datenschutzstandards verarbeiten, indem wir mit uns Vereinbarungen mit von der Europ\u00e4ischen Kommission verabschiedeten Standarddatenschutzklauseln treffen.<\/p><p>Sie k\u00f6nnen eine Kopie der Mustervertragsklauseln herunterladen unter: https:\/\/ec.europa.eu\/info\/law\/law-topic\/data-protection\/data-transfers-outside-eu\/model-contracts-transfer-personal- daten-drittl\u00e4nder.eu_.<br \/><br \/><\/p><p><strong>Wie lange verwenden oder speichern wir Informationen \u00fcber Sie?<\/strong><\/p><p>Wenn Sie Netzwerkmitglied und\/oder Kunde werden m\u00f6chten, fragen wir Sie nach Ihren pers\u00f6nlichen Daten. Wenn Sie Netzwerkmitglied bzw Kunde werden, speichern wir Ihre Informationen in der Netzwerkmitgliedsdatei. Wir l\u00f6schen Ihre Daten, wenn Sie kein Netzwerkmitglied oder Kunde werden.<\/p><p>Wenn Sie das FIXXIT-Netzwerk verlassen, speichern wir Ihre personenbezogenen Daten f\u00fcr 3 (drei) Jahre.<\/p><p>\u00a0<\/p><p><strong>Welche datenschutzbezogenen Rechte haben Sie?<\/strong><\/p><p>Die DSGVO und andere Gesetze gew\u00e4hren Ihnen bestimmte Rechte, Verfahren zur Umsetzung und Ausnahmen von diesen Rechten. Soweit gesetzlich zul\u00e4ssig, haben Sie die folgenden datenschutzbezogenen Rechte, die Sie umsetzen k\u00f6nnen, indem Sie uns unter office@fixxit.at kontaktieren eine Best\u00e4tigung dar\u00fcber zu verlangen, dass FIXXIT Sie betreffende personenbezogene Daten verarbeitet;<\/p><p>sich mit Ihren personenbezogenen Daten und deren Verarbeitung vertraut zu machen;<\/p><p>die Berichtigung unrichtiger Daten zu verlangen;<\/p><p>uns zu bitten, die Informationen, die wir \u00fcber Sie haben, zu l\u00f6schen, wenn wir sie illegal verwenden oder es andere rechtliche Gr\u00fcnde f\u00fcr die L\u00f6schung gibt; uns aufzufordern, die Verarbeitung Ihrer Daten einzuschr\u00e4nken \u2013 wenn Sie die Richtigkeit der Daten bestreiten oder der Verarbeitung der Daten widersprechen, wenn Sie nicht damit einverstanden sind, dass Ihre Daten gel\u00f6scht werden, die unrechtm\u00e4\u00dfig verarbeitet wurden, oder wenn Sie die Daten zur Geltendmachung, Aus\u00fcbung oder Verteidigung von Rechtsanspr\u00fcchen ben\u00f6tigen; zu verlangen, Ihre personenbezogenen Daten an einen anderen Datenverantwortlichen zu \u00fcbertragen oder Ihnen diese direkt in einer bequemen Form zur Verf\u00fcgung zu stellen (gilt f\u00fcr die von Ihnen \u00fcbermittelten personenbezogenen Daten, d.h. auf der Grundlage der Vereinbarung oder Zustimmung verarbeitet); der Verarbeitung Ihrer personenbezogenen Daten zu widersprechen, wenn diese aufgrund eines unberechtigten Interesses verarbeitet wird;<\/p><p>In F\u00e4llen, in denen Ihre personenbezogenen Daten auf Grundlage einer Einwilligung verarbeitet werden, haben Sie jederzeit das Recht, Ihre Einwilligung zur Verarbeitung Ihrer personenbezogenen Daten zu widerrufen.<\/p><p>Wenn Sie der Ansicht sind, dass Ihre Daten unrechtm\u00e4\u00dfig verarbeitet werden, haben Sie das Recht, sich an eine zust\u00e4ndige Datenschutzbeh\u00f6rde (Staatliche Datenschutzaufsichtsbeh\u00f6rde in Litauen oder eine andere Beh\u00f6rde in dem Mitgliedstaat Ihres gew\u00f6hnlichen Aufenthalts oder des Orts des mutma\u00dflichen Versto\u00dfes gegen die DSGVO) zu wenden und nachzufragen ein gerichtlicher Rechtsbehelf). Wir w\u00fcrden uns freuen, wenn Sie sich in solchen F\u00e4llen zun\u00e4chst an uns wenden, um das Problem gemeinsam zu l\u00f6sen.<\/p><p>1 Verordnung (EU) 2016\/679 des Europ\u00e4ischen Parlaments und des Rates vom 27. April 2016 zum Schutz nat\u00fcrlicher Personen bei der Verarbeitung personenbezogener Daten, zum freien Datenverkehr und zur Aufhebung der Richtlinie 95\/46\/ EG (Datenschutz-Grundverordnung)<\/p><p>\u00a0<\/p>\t\t\t\t\t\t<\/div>\n\t\t\t\t<\/div>\n\t\t\t\t\t<\/div>\n\t\t<\/div>\n\t\t\t\t\t<\/div>\n\t\t<\/section>\n\t\t\t\t<\/div>\n\t\t","protected":false},"excerpt":{"rendered":"<p>DATENSCHUTZERKL\u00c4RUNG DATENSCHUTZERKL\u00c4RUNG Datenschutz-Bestimmungen Wir haben diese Datenschutzrichtlinie erstellt, um die wichtigsten Fragen dar\u00fcber zu beantworten, wie die Unternehmensgruppe FIXXIT GmbH (im Folgenden gemeinsam als wir, FIXXIT bezeichnet) Informationen \u00fcber Sie sammelt, verwendet und speichert. Wir befolgen die Anforderungen der so genannten Datenschutz-Grundverordnung der Europ\u00e4ischen Union (DSGVO)1 und anderer Gesetze, die Ihre personenbezogenen Daten bei FIXXIT [&hellip;]<\/p>\n","protected":false},"author":1,"featured_media":0,"parent":0,"menu_order":0,"comment_status":"closed","ping_status":"closed","template":"","meta":{"footnotes":""},"_links":{"self":[{"href":"https:\/\/fixxit.at\/index.php?rest_route=\/wp\/v2\/pages\/263"}],"collection":[{"href":"https:\/\/fixxit.at\/index.php?rest_route=\/wp\/v2\/pages"}],"about":[{"href":"https:\/\/fixxit.at\/index.php?rest_route=\/wp\/v2\/types\/page"}],"author":[{"embeddable":true,"href":"https:\/\/fixxit.at\/index.php?rest_route=\/wp\/v2\/users\/1"}],"replies":[{"embeddable":true,"href":"https:\/\/fixxit.at\/index.php?rest_route=%2Fwp%2Fv2%2Fcomments&post=263"}],"version-history":[{"count":14,"href":"https:\/\/fixxit.at\/index.php?rest_route=\/wp\/v2\/pages\/263\/revisions"}],"predecessor-version":[{"id":1113,"href":"https:\/\/fixxit.at\/index.php?rest_route=\/wp\/v2\/pages\/263\/revisions\/1113"}],"wp:attachment":[{"href":"https:\/\/fixxit.at\/index.php?rest_route=%2Fwp%2Fv2%2Fmedia&parent=263"}],"curies":[{"name":"wp","href":"https:\/\/api.w.org\/{rel}","templated":true}]}}