{"id":590,"date":"2023-02-09T10:27:08","date_gmt":"2023-02-09T10:27:08","guid":{"rendered":"https:\/\/flaimway.com\/?page_id=590"},"modified":"2024-03-17T09:34:33","modified_gmt":"2024-03-17T09:34:33","slug":"sales-partner-contract","status":"publish","type":"page","link":"https:\/\/fixxit.at\/?page_id=590","title":{"rendered":"Haftungsausschluss"},"content":{"rendered":"\t\t<div data-elementor-type=\"wp-page\" data-elementor-id=\"590\" class=\"elementor elementor-590\" data-elementor-post-type=\"page\">\n\t\t\t\t\t\t<section class=\"elementor-section elementor-top-section elementor-element elementor-element-72e08f86 elementor-section-boxed elementor-section-height-default elementor-section-height-default\" data-id=\"72e08f86\" data-element_type=\"section\" data-settings=\"{&quot;background_background&quot;:&quot;classic&quot;}\">\n\t\t\t\t\t\t\t<div class=\"elementor-background-overlay\"><\/div>\n\t\t\t\t\t\t\t<div class=\"elementor-container elementor-column-gap-default\">\n\t\t\t\t\t<div class=\"elementor-column elementor-col-100 elementor-top-column elementor-element elementor-element-3fbfcb89\" data-id=\"3fbfcb89\" data-element_type=\"column\">\n\t\t\t<div class=\"elementor-widget-wrap elementor-element-populated\">\n\t\t\t\t\t\t<div class=\"elementor-element elementor-element-6149b7ea elementor-widget elementor-widget-heading\" data-id=\"6149b7ea\" data-element_type=\"widget\" data-widget_type=\"heading.default\">\n\t\t\t\t<div class=\"elementor-widget-container\">\n\t\t\t<style>\/*! elementor - v3.20.0 - 13-03-2024 *\/\n.elementor-heading-title{padding:0;margin:0;line-height:1}.elementor-widget-heading .elementor-heading-title[class*=elementor-size-]>a{color:inherit;font-size:inherit;line-height:inherit}.elementor-widget-heading .elementor-heading-title.elementor-size-small{font-size:15px}.elementor-widget-heading .elementor-heading-title.elementor-size-medium{font-size:19px}.elementor-widget-heading .elementor-heading-title.elementor-size-large{font-size:29px}.elementor-widget-heading .elementor-heading-title.elementor-size-xl{font-size:39px}.elementor-widget-heading .elementor-heading-title.elementor-size-xxl{font-size:59px}<\/style><h1 class=\"elementor-heading-title elementor-size-xxl\">HAFTUNGSAUSSCHLUSS<\/h1>\t\t<\/div>\n\t\t\t\t<\/div>\n\t\t\t\t\t<\/div>\n\t\t<\/div>\n\t\t\t\t\t<\/div>\n\t\t<\/section>\n\t\t\t\t<section class=\"elementor-section elementor-top-section elementor-element elementor-element-175d7073 elementor-section-boxed elementor-section-height-default elementor-section-height-default\" data-id=\"175d7073\" data-element_type=\"section\">\n\t\t\t\t\t\t<div class=\"elementor-container elementor-column-gap-default\">\n\t\t\t\t\t<div class=\"elementor-column elementor-col-100 elementor-top-column elementor-element elementor-element-7238f494\" data-id=\"7238f494\" data-element_type=\"column\">\n\t\t\t<div class=\"elementor-widget-wrap elementor-element-populated\">\n\t\t\t\t\t\t<div class=\"elementor-element elementor-element-749ad11f elementor-widget elementor-widget-text-editor\" data-id=\"749ad11f\" data-element_type=\"widget\" data-widget_type=\"text-editor.default\">\n\t\t\t\t<div class=\"elementor-widget-container\">\n\t\t\t<style>\/*! elementor - v3.20.0 - 13-03-2024 *\/\n.elementor-widget-text-editor.elementor-drop-cap-view-stacked .elementor-drop-cap{background-color:#69727d;color:#fff}.elementor-widget-text-editor.elementor-drop-cap-view-framed .elementor-drop-cap{color:#69727d;border:3px solid;background-color:transparent}.elementor-widget-text-editor:not(.elementor-drop-cap-view-default) .elementor-drop-cap{margin-top:8px}.elementor-widget-text-editor:not(.elementor-drop-cap-view-default) .elementor-drop-cap-letter{width:1em;height:1em}.elementor-widget-text-editor .elementor-drop-cap{float:left;text-align:center;line-height:1;font-size:50px}.elementor-widget-text-editor .elementor-drop-cap-letter{display:inline-block}<\/style>\t\t\t\t<p><strong>HAFTUNGSAUSSCHLUSS<\/strong><\/p><p>Die auf der Website www.fixxit.at (der \u201eDienst\u201c) enthaltenen Informationen dienen ausschlie\u00dflich allgemeinen Informationszwecken.<\/p><p>FIXXIT \u00fcbernimmt keine Verantwortung f\u00fcr Fehler oder Auslassungen in den Inhalten des Dienstes.<\/p><p>In keinem Fall haftet FIXXIT f\u00fcr besondere, direkte, indirekte, Folge- oder Nebensch\u00e4den oder Sch\u00e4den jeglicher Art, sei es aufgrund einer vertraglichen Handlung, Fahrl\u00e4ssigkeit oder einer anderen unerlaubten Handlung, die sich aus oder im Zusammenhang mit der Nutzung von FIXXIT ergeben Dienst oder die Inhalte des Dienstes. FIXXIT beh\u00e4lt sich das Recht vor, jederzeit und ohne vorherige Ank\u00fcndigung Erg\u00e4nzungen, L\u00f6schungen oder \u00c4nderungen an den Inhalten des Dienstes vorzunehmen.<\/p><p>FIXXIT \u00fcbernimmt keine Gew\u00e4hr daf\u00fcr, dass die Website frei von Viren oder anderen sch\u00e4dlichen Komponenten ist.<\/p><p><strong>Haftungsausschluss f\u00fcr externe Links<\/strong><\/p><p>Die Website fixxit.at kann Links zu externen Websites enthalten, die nicht bereitgestellt werden oder wird von der FIXXIT verwaltet oder in irgendeiner Weise mit ihr verbunden ist.<\/p><p>Bitte beachten Sie, dass FIXXIT keine Garantie f\u00fcr die Richtigkeit, Relevanz, Aktualit\u00e4t oder Vollst\u00e4ndigkeit der Informationen auf diesen externen Websites \u00fcbernimmt<\/p>\t\t\t\t\t\t<\/div>\n\t\t\t\t<\/div>\n\t\t\t\t\t<\/div>\n\t\t<\/div>\n\t\t\t\t\t<\/div>\n\t\t<\/section>\n\t\t\t\t<\/div>\n\t\t","protected":false},"excerpt":{"rendered":"<p>HAFTUNGSAUSSCHLUSS HAFTUNGSAUSSCHLUSS Die auf der Website www.fixxit.at (der \u201eDienst\u201c) enthaltenen Informationen dienen ausschlie\u00dflich allgemeinen Informationszwecken. FIXXIT \u00fcbernimmt keine Verantwortung f\u00fcr Fehler oder Auslassungen in den Inhalten des Dienstes. In keinem Fall haftet FIXXIT f\u00fcr besondere, direkte, indirekte, Folge- oder Nebensch\u00e4den oder Sch\u00e4den jeglicher Art, sei es aufgrund einer vertraglichen Handlung, Fahrl\u00e4ssigkeit oder einer anderen unerlaubten [&hellip;]<\/p>\n","protected":false},"author":1,"featured_media":0,"parent":0,"menu_order":0,"comment_status":"closed","ping_status":"closed","template":"elementor_header_footer","meta":{"footnotes":""},"_links":{"self":[{"href":"https:\/\/fixxit.at\/index.php?rest_route=\/wp\/v2\/pages\/590"}],"collection":[{"href":"https:\/\/fixxit.at\/index.php?rest_route=\/wp\/v2\/pages"}],"about":[{"href":"https:\/\/fixxit.at\/index.php?rest_route=\/wp\/v2\/types\/page"}],"author":[{"embeddable":true,"href":"https:\/\/fixxit.at\/index.php?rest_route=\/wp\/v2\/users\/1"}],"replies":[{"embeddable":true,"href":"https:\/\/fixxit.at\/index.php?rest_route=%2Fwp%2Fv2%2Fcomments&post=590"}],"version-history":[{"count":37,"href":"https:\/\/fixxit.at\/index.php?rest_route=\/wp\/v2\/pages\/590\/revisions"}],"predecessor-version":[{"id":1122,"href":"https:\/\/fixxit.at\/index.php?rest_route=\/wp\/v2\/pages\/590\/revisions\/1122"}],"wp:attachment":[{"href":"https:\/\/fixxit.at\/index.php?rest_route=%2Fwp%2Fv2%2Fmedia&parent=590"}],"curies":[{"name":"wp","href":"https:\/\/api.w.org\/{rel}","templated":true}]}}