{"id":755,"date":"2024-03-13T20:33:38","date_gmt":"2024-03-13T20:33:38","guid":{"rendered":"https:\/\/fixxit.at\/?page_id=755"},"modified":"2024-03-22T12:14:12","modified_gmt":"2024-03-22T12:14:12","slug":"home-test","status":"publish","type":"page","link":"https:\/\/fixxit.at\/","title":{"rendered":"Startseite"},"content":{"rendered":"\t\t<div data-elementor-type=\"wp-page\" data-elementor-id=\"755\" class=\"elementor elementor-755\" data-elementor-post-type=\"page\">\n\t\t\t\t\t\t<section class=\"elementor-section elementor-top-section elementor-element elementor-element-d3d44cf elementor-section-stretched elementor-section-full_width elementor-section-content-space-between elementor-section-height-default elementor-section-height-default\" data-id=\"d3d44cf\" data-element_type=\"section\" data-settings=\"{&quot;background_background&quot;:&quot;classic&quot;,&quot;stretch_section&quot;:&quot;section-stretched&quot;}\">\n\t\t\t\t\t\t\t<div class=\"elementor-background-overlay\"><\/div>\n\t\t\t\t\t\t\t<div class=\"elementor-container elementor-column-gap-narrow\">\n\t\t\t\t\t<div class=\"elementor-column elementor-col-100 elementor-top-column elementor-element elementor-element-afa587e\" data-id=\"afa587e\" data-element_type=\"column\" data-settings=\"{&quot;background_background&quot;:&quot;classic&quot;}\">\n\t\t\t<div class=\"elementor-widget-wrap elementor-element-populated\">\n\t\t\t\t\t<div class=\"elementor-background-overlay\"><\/div>\n\t\t\t\t\t\t<section class=\"elementor-section elementor-inner-section elementor-element elementor-element-079042f elementor-section-boxed elementor-section-height-default elementor-section-height-default\" data-id=\"079042f\" data-element_type=\"section\" data-settings=\"{&quot;background_background&quot;:&quot;classic&quot;}\">\n\t\t\t\t\t\t\t<div class=\"elementor-background-overlay\"><\/div>\n\t\t\t\t\t\t\t<div class=\"elementor-container elementor-column-gap-default\">\n\t\t\t\t\t<div class=\"elementor-column elementor-col-100 elementor-inner-column elementor-element elementor-element-524169f\" data-id=\"524169f\" data-element_type=\"column\">\n\t\t\t<div class=\"elementor-widget-wrap elementor-element-populated\">\n\t\t\t\t\t\t<div class=\"elementor-element elementor-element-515d1c0 elementor-widget__width-initial elementor-widget elementor-widget-heading\" data-id=\"515d1c0\" data-element_type=\"widget\" data-widget_type=\"heading.default\">\n\t\t\t\t<div class=\"elementor-widget-container\">\n\t\t\t<style>\/*! elementor - v3.20.0 - 13-03-2024 *\/\n.elementor-heading-title{padding:0;margin:0;line-height:1}.elementor-widget-heading .elementor-heading-title[class*=elementor-size-]>a{color:inherit;font-size:inherit;line-height:inherit}.elementor-widget-heading .elementor-heading-title.elementor-size-small{font-size:15px}.elementor-widget-heading .elementor-heading-title.elementor-size-medium{font-size:19px}.elementor-widget-heading .elementor-heading-title.elementor-size-large{font-size:29px}.elementor-widget-heading .elementor-heading-title.elementor-size-xl{font-size:39px}.elementor-widget-heading .elementor-heading-title.elementor-size-xxl{font-size:59px}<\/style><h1 class=\"elementor-heading-title elementor-size-xxl\">INNOVATIVE  ENERGIEOPTIMIERUNG<\/h1>\t\t<\/div>\n\t\t\t\t<\/div>\n\t\t\t\t<div class=\"elementor-element elementor-element-c9410c4 elementor-widget__width-initial elementor-widget elementor-widget-heading\" data-id=\"c9410c4\" data-element_type=\"widget\" data-widget_type=\"heading.default\">\n\t\t\t\t<div class=\"elementor-widget-container\">\n\t\t\t<h1 class=\"elementor-heading-title elementor-size-large\">\"DIE ZUKUNFT H\u00c4NGT DAVON AB, <br>WAS WIR HEUTE TUN\" <br >(Mahatma Gandhi)\n<\/h1>\t\t<\/div>\n\t\t\t\t<\/div>\n\t\t\t\t<div class=\"elementor-element elementor-element-264ffab elementor-widget elementor-widget-elementskit-button\" data-id=\"264ffab\" data-element_type=\"widget\" data-widget_type=\"elementskit-button.default\">\n\t\t\t\t<div class=\"elementor-widget-container\">\n\t\t\t<div class=\"ekit-wid-con\" >\t\t<div class=\"ekit-btn-wraper\">\n\t\t\t\t\t\t\t<a href=\"#services\" class=\"elementskit-btn  whitespace--normal\" >\n\t\t\t\t\t\n\t\t\t\t\t\n\t\t\t\t\tJetzt Angebot einholen oder im Shop einkaufen\t\t\t\t<\/a>\n\t\t\t\t\t\t<\/div>\n        <\/div>\t\t<\/div>\n\t\t\t\t<\/div>\n\t\t\t\t\t<\/div>\n\t\t<\/div>\n\t\t\t\t\t<\/div>\n\t\t<\/section>\n\t\t\t\t\t<\/div>\n\t\t<\/div>\n\t\t\t\t\t<\/div>\n\t\t<\/section>\n\t\t\t\t<section class=\"elementor-section elementor-top-section elementor-element elementor-element-cf7aca1 elementor-section-content-middle elementor-section-boxed elementor-section-height-default elementor-section-height-default\" data-id=\"cf7aca1\" data-element_type=\"section\" id=\"uber\">\n\t\t\t\t\t\t<div class=\"elementor-container elementor-column-gap-default\">\n\t\t\t\t\t<div class=\"elementor-column elementor-col-50 elementor-top-column elementor-element elementor-element-7a080aa\" data-id=\"7a080aa\" data-element_type=\"column\">\n\t\t\t<div class=\"elementor-widget-wrap elementor-element-populated\">\n\t\t\t\t\t\t<div class=\"elementor-element elementor-element-b8e3d81 elementor-widget elementor-widget-elementskit-heading\" data-id=\"b8e3d81\" data-element_type=\"widget\" data-widget_type=\"elementskit-heading.default\">\n\t\t\t\t<div class=\"elementor-widget-container\">\n\t\t\t<div class=\"ekit-wid-con\" ><div class=\"ekit-heading elementskit-section-title-wraper text_left   ekit_heading_tablet-   ekit_heading_mobile-\"><h2 class=\"ekit-heading--title elementskit-section-title \">\u00dcBER UNS<\/h2>\t\t\t\t<div class='ekit-heading__description'>\n\t\t\t\t\t<p>Wir und unsere Partner unterst\u00fctzen SIE auf dem Weg zur Energie-Kosten-SENKUNG bzw. OPTIMIERUNG.<\/p>\n<p>Wir bieten Ihnen ma\u00dfgeschneiderte Produkte inklusive Beratung und Montage (IHR PERS\u00d6NLICHES SORGLOSPAKET).<\/p>\n\t\t\t\t<\/div>\n\t\t\t<\/div><\/div>\t\t<\/div>\n\t\t\t\t<\/div>\n\t\t\t\t<div class=\"elementor-element elementor-element-e6c17c4 elementor-widget elementor-widget-elementskit-button\" data-id=\"e6c17c4\" data-element_type=\"widget\" data-widget_type=\"elementskit-button.default\">\n\t\t\t\t<div class=\"elementor-widget-container\">\n\t\t\t<div class=\"ekit-wid-con\" >\t\t<div class=\"ekit-btn-wraper\">\n\t\t\t\t\t\t\t<a href=\"#services\" class=\"elementskit-btn  whitespace--normal\" >\n\t\t\t\t\t\n\t\t\t\t\t\n\t\t\t\t\tZu unseren Leistungen\t\t\t\t<\/a>\n\t\t\t\t\t\t<\/div>\n        <\/div>\t\t<\/div>\n\t\t\t\t<\/div>\n\t\t\t\t\t<\/div>\n\t\t<\/div>\n\t\t\t\t<div class=\"elementor-column elementor-col-50 elementor-top-column elementor-element elementor-element-800377b\" data-id=\"800377b\" data-element_type=\"column\">\n\t\t\t<div class=\"elementor-widget-wrap elementor-element-populated\">\n\t\t\t\t\t\t<div class=\"elementor-element elementor-element-5034486 elementor-invisible elementor-widget elementor-widget-image\" data-id=\"5034486\" data-element_type=\"widget\" data-settings=\"{&quot;_animation&quot;:&quot;fadeInRight&quot;}\" data-widget_type=\"image.default\">\n\t\t\t\t<div class=\"elementor-widget-container\">\n\t\t\t<style>\/*! elementor - v3.20.0 - 13-03-2024 *\/\n.elementor-widget-image{text-align:center}.elementor-widget-image a{display:inline-block}.elementor-widget-image a img[src$=\".svg\"]{width:48px}.elementor-widget-image img{vertical-align:middle;display:inline-block}<\/style>\t\t\t\t\t\t\t\t\t\t<img decoding=\"async\" src=\"https:\/\/fixxit.at\/wp-content\/uploads\/elementor\/thumbs\/shutterstock_2320138153-ql772y3zxtxit8bq8iiszk34900vktcy3jr5898etc.png\" title=\"shutterstock_2320138153\" alt=\"shutterstock_2320138153\" loading=\"lazy\" \/>\t\t\t\t\t\t\t\t\t\t\t\t\t<\/div>\n\t\t\t\t<\/div>\n\t\t\t\t<div class=\"elementor-element elementor-element-7742654 elementor-widget elementor-widget-image\" data-id=\"7742654\" data-element_type=\"widget\" data-settings=\"{&quot;_animation&quot;:&quot;none&quot;,&quot;_animation_delay&quot;:200}\" data-widget_type=\"image.default\">\n\t\t\t\t<div class=\"elementor-widget-container\">\n\t\t\t\t\t\t\t\t\t\t\t\t\t<img decoding=\"async\" src=\"https:\/\/fixxit.at\/wp-content\/uploads\/elementor\/thumbs\/ecofox-qll3g6lezxaqrcp0xto2hyjr4efj373ktcbzqk7rpc.jpg\" title=\"ecofox\" alt=\"ecofox\" loading=\"lazy\" \/>\t\t\t\t\t\t\t\t\t\t\t\t\t<\/div>\n\t\t\t\t<\/div>\n\t\t\t\t\t<\/div>\n\t\t<\/div>\n\t\t\t\t\t<\/div>\n\t\t<\/section>\n\t\t\t\t<section class=\"elementor-section elementor-top-section elementor-element elementor-element-b16f98d elementor-section-boxed elementor-section-height-default elementor-section-height-default\" data-id=\"b16f98d\" data-element_type=\"section\">\n\t\t\t\t\t\t<div class=\"elementor-container elementor-column-gap-default\">\n\t\t\t\t\t<div class=\"elementor-column elementor-col-100 elementor-top-column elementor-element elementor-element-03e7863\" data-id=\"03e7863\" data-element_type=\"column\">\n\t\t\t<div class=\"elementor-widget-wrap elementor-element-populated\">\n\t\t\t\t\t\t<div class=\"elementor-element elementor-element-84d55c6 elementor-widget elementor-widget-text-editor\" data-id=\"84d55c6\" data-element_type=\"widget\" data-widget_type=\"text-editor.default\">\n\t\t\t\t<div class=\"elementor-widget-container\">\n\t\t\t<style>\/*! elementor - v3.20.0 - 13-03-2024 *\/\n.elementor-widget-text-editor.elementor-drop-cap-view-stacked .elementor-drop-cap{background-color:#69727d;color:#fff}.elementor-widget-text-editor.elementor-drop-cap-view-framed .elementor-drop-cap{color:#69727d;border:3px solid;background-color:transparent}.elementor-widget-text-editor:not(.elementor-drop-cap-view-default) .elementor-drop-cap{margin-top:8px}.elementor-widget-text-editor:not(.elementor-drop-cap-view-default) .elementor-drop-cap-letter{width:1em;height:1em}.elementor-widget-text-editor .elementor-drop-cap{float:left;text-align:center;line-height:1;font-size:50px}.elementor-widget-text-editor .elementor-drop-cap-letter{display:inline-block}<\/style>\t\t\t\t<p>Sie m\u00f6chten als Vertriebspartner unsere Produkte weiterempfehlen und Kunden und Partner bei der Energieoptimierung unterst\u00fctzen? Dann sind Sie bei uns goldrichtig!<br \/>Senden sie uns eine E-Mail<a href=\"mailto:office@fixxit.at\"> office@fixxit.at <\/a><\/p>\t\t\t\t\t\t<\/div>\n\t\t\t\t<\/div>\n\t\t\t\t\t<\/div>\n\t\t<\/div>\n\t\t\t\t\t<\/div>\n\t\t<\/section>\n\t\t\t\t<section class=\"elementor-section elementor-top-section elementor-element elementor-element-1c746c8 elementor-section-boxed elementor-section-height-default elementor-section-height-default\" data-id=\"1c746c8\" data-element_type=\"section\" data-settings=\"{&quot;background_background&quot;:&quot;classic&quot;}\">\n\t\t\t\t\t\t\t<div class=\"elementor-background-overlay\"><\/div>\n\t\t\t\t\t\t\t<div class=\"elementor-container elementor-column-gap-default\">\n\t\t\t\t\t<div class=\"elementor-column elementor-col-100 elementor-top-column elementor-element elementor-element-67cfab4\" data-id=\"67cfab4\" data-element_type=\"column\">\n\t\t\t<div class=\"elementor-widget-wrap elementor-element-populated\">\n\t\t\t\t\t\t<div class=\"elementor-element elementor-element-297df4a elementor-headline--style-rotate elementor-widget elementor-widget-animated-headline\" data-id=\"297df4a\" data-element_type=\"widget\" data-settings=\"{&quot;headline_style&quot;:&quot;rotate&quot;,&quot;animation_type&quot;:&quot;typing&quot;,&quot;loop&quot;:&quot;yes&quot;,&quot;rotate_iteration_delay&quot;:2500}\" data-widget_type=\"animated-headline.default\">\n\t\t\t\t<div class=\"elementor-widget-container\">\n\t\t\t<link rel=\"stylesheet\" href=\"https:\/\/fixxit.at\/wp-content\/plugins\/elementor-pro\/assets\/css\/widget-animated-headline.min.css\">\t\t<h3 class=\"elementor-headline elementor-headline-animation-type-typing elementor-headline-letters\">\n\t\t\t\t\t<span class=\"elementor-headline-plain-text elementor-headline-text-wrapper\">Unsere <\/span>\n\t\t\t\t<span class=\"elementor-headline-dynamic-wrapper elementor-headline-text-wrapper\">\n\t\t\t\t<\/span>\n\t\t\t\t\t<span class=\"elementor-headline-plain-text elementor-headline-text-wrapper\">Dienstleistungen<\/span>\n\t\t\t\t\t<\/h3>\n\t\t\t\t<\/div>\n\t\t\t\t<\/div>\n\t\t\t\t\t<\/div>\n\t\t<\/div>\n\t\t\t\t\t<\/div>\n\t\t<\/section>\n\t\t\t\t<section class=\"elementor-section elementor-top-section elementor-element elementor-element-51b6e60 elementor-section-boxed elementor-section-height-default elementor-section-height-default\" data-id=\"51b6e60\" data-element_type=\"section\" id=\"services\" data-settings=\"{&quot;background_background&quot;:&quot;classic&quot;}\">\n\t\t\t\t\t\t\t<div class=\"elementor-background-overlay\"><\/div>\n\t\t\t\t\t\t\t<div class=\"elementor-container elementor-column-gap-default\">\n\t\t\t\t\t<div class=\"elementor-column elementor-col-33 elementor-top-column elementor-element elementor-element-22daf06\" data-id=\"22daf06\" data-element_type=\"column\">\n\t\t\t<div class=\"elementor-widget-wrap elementor-element-populated\">\n\t\t\t\t\t\t<div class=\"elementor-element elementor-element-928a5cd ekit-equal-height-enable elementor-widget elementor-widget-elementskit-icon-box\" data-id=\"928a5cd\" data-element_type=\"widget\" data-widget_type=\"elementskit-icon-box.default\">\n\t\t\t\t<div class=\"elementor-widget-container\">\n\t\t\t<div class=\"ekit-wid-con\" >        <!-- link opening -->\n                <a href=\"https:\/\/fixxit.at\/?page_id=954\" class=\"ekit_global_links\">\n                <!-- end link opening -->\n\n        <div class=\"elementskit-infobox text-left text- icon-lef-right-aligin elementor-animation-   \">\n                            <div class=\"elementskit-box-header\">\n                <div class=\"elementskit-info-box-icon text-center\">\n                    <img fetchpriority=\"high\" decoding=\"async\" width=\"1600\" height=\"1599\" src=\"https:\/\/fixxit.at\/wp-content\/uploads\/2024\/03\/WhatsApp-Image-2024-03-18-at-12.03.09_0db55f3e.jpg\" class=\"attachment- size-\" alt=\"\" srcset=\"https:\/\/fixxit.at\/wp-content\/uploads\/2024\/03\/WhatsApp-Image-2024-03-18-at-12.03.09_0db55f3e.jpg 1600w, https:\/\/fixxit.at\/wp-content\/uploads\/2024\/03\/WhatsApp-Image-2024-03-18-at-12.03.09_0db55f3e-300x300.jpg 300w, https:\/\/fixxit.at\/wp-content\/uploads\/2024\/03\/WhatsApp-Image-2024-03-18-at-12.03.09_0db55f3e-1024x1024.jpg 1024w, https:\/\/fixxit.at\/wp-content\/uploads\/2024\/03\/WhatsApp-Image-2024-03-18-at-12.03.09_0db55f3e-150x150.jpg 150w, https:\/\/fixxit.at\/wp-content\/uploads\/2024\/03\/WhatsApp-Image-2024-03-18-at-12.03.09_0db55f3e-768x768.jpg 768w, https:\/\/fixxit.at\/wp-content\/uploads\/2024\/03\/WhatsApp-Image-2024-03-18-at-12.03.09_0db55f3e-1536x1536.jpg 1536w\" sizes=\"(max-width: 1600px) 100vw, 1600px\" \/>                <\/div>\n          <\/div>\n                <div class=\"box-body\">\n                            <h3 class=\"elementskit-info-box-title\">\n                    STROM &amp; GAS                <\/h3>\n                        \t\t  <p><ul>\n<li>Sie senden uns Ihre letzte Jahresabrechnung \n<\/li>\n<li>Wir suchen f\u00fcr Sie den g\u00fcnstigsten Anbieter\n<\/li>\n<li>Sie entscheiden und beauftragen uns\n<\/li>\n<li>\nWir k\u00fcmmern uns um den Wechselprozess und auch um zuk\u00fcnftige g\u00fcnstige Angebote\n<\/li>\n<\/ul><\/p>\n                                <\/div>\n        \n        \n                <\/div>\n                <\/a>\n        <\/div>\t\t<\/div>\n\t\t\t\t<\/div>\n\t\t\t\t\t<\/div>\n\t\t<\/div>\n\t\t\t\t<div class=\"elementor-column elementor-col-33 elementor-top-column elementor-element elementor-element-199bef7\" data-id=\"199bef7\" data-element_type=\"column\">\n\t\t\t<div class=\"elementor-widget-wrap elementor-element-populated\">\n\t\t\t\t\t\t<div class=\"elementor-element elementor-element-8d4dfe2 ekit-equal-height-enable elementor-widget elementor-widget-elementskit-icon-box\" data-id=\"8d4dfe2\" data-element_type=\"widget\" data-widget_type=\"elementskit-icon-box.default\">\n\t\t\t\t<div class=\"elementor-widget-container\">\n\t\t\t<div class=\"ekit-wid-con\" >        <!-- link opening -->\n                <a href=\"https:\/\/fixxit.at\/?page_id=965\" class=\"ekit_global_links\">\n                <!-- end link opening -->\n\n        <div class=\"elementskit-infobox text-left text- icon-lef-right-aligin elementor-animation-   \">\n                            <div class=\"elementskit-box-header\">\n                <div class=\"elementskit-info-box-icon text-center\">\n                    <img decoding=\"async\" width=\"1600\" height=\"1599\" src=\"https:\/\/fixxit.at\/wp-content\/uploads\/2024\/03\/photo.jpg\" class=\"attachment- size-\" alt=\"\" srcset=\"https:\/\/fixxit.at\/wp-content\/uploads\/2024\/03\/photo.jpg 1600w, https:\/\/fixxit.at\/wp-content\/uploads\/2024\/03\/photo-300x300.jpg 300w, https:\/\/fixxit.at\/wp-content\/uploads\/2024\/03\/photo-1024x1024.jpg 1024w, https:\/\/fixxit.at\/wp-content\/uploads\/2024\/03\/photo-150x150.jpg 150w, https:\/\/fixxit.at\/wp-content\/uploads\/2024\/03\/photo-768x768.jpg 768w, https:\/\/fixxit.at\/wp-content\/uploads\/2024\/03\/photo-1536x1536.jpg 1536w\" sizes=\"(max-width: 1600px) 100vw, 1600px\" \/>                <\/div>\n          <\/div>\n                <div class=\"box-body\">\n                            <h3 class=\"elementskit-info-box-title\">\n                    PHOTOVOLTAIK &amp; SPEICHER (inkl. Montage)                <\/h3>\n                        \t\t  <p><ul>\n<li>Sie senden uns die ausgef\u00fcllte Checklist &amp; Fotos \n<\/li>\n<li>Unsere Monteure erstellen IHR individuelles Angebot\n\n<\/li>\n<li>\nSie entscheiden und beauftragen uns\n<\/li>\n<li>\nWir k\u00fcmmern uns um Montage, neuen Z\u00e4hlpunkt und elektrischen Anschluss mit Fachkr\u00e4ften\n<\/li>\n<\/ul><\/p>\n                                <\/div>\n        \n        \n                <\/div>\n                <\/a>\n        <\/div>\t\t<\/div>\n\t\t\t\t<\/div>\n\t\t\t\t\t<\/div>\n\t\t<\/div>\n\t\t\t\t<div class=\"elementor-column elementor-col-33 elementor-top-column elementor-element elementor-element-4b6c449\" data-id=\"4b6c449\" data-element_type=\"column\">\n\t\t\t<div class=\"elementor-widget-wrap elementor-element-populated\">\n\t\t\t\t\t\t<div class=\"elementor-element elementor-element-bbc3b51 ekit-equal-height-enable elementor-widget elementor-widget-elementskit-icon-box\" data-id=\"bbc3b51\" data-element_type=\"widget\" data-widget_type=\"elementskit-icon-box.default\">\n\t\t\t\t<div class=\"elementor-widget-container\">\n\t\t\t<div class=\"ekit-wid-con\" >        <!-- link opening -->\n                <a href=\"https:\/\/store.fixxit.at\/\" class=\"ekit_global_links\">\n                <!-- end link opening -->\n\n        <div class=\"elementskit-infobox text-left text-left icon-top-align elementor-animation-   \">\n                            <div class=\"elementskit-box-header\">\n                <div class=\"elementskit-info-box-icon \">\n                    <img decoding=\"async\" width=\"459\" height=\"459\" src=\"https:\/\/fixxit.at\/wp-content\/uploads\/2024\/03\/shop.jpg\" class=\"attachment- size-\" alt=\"\" srcset=\"https:\/\/fixxit.at\/wp-content\/uploads\/2024\/03\/shop.jpg 459w, https:\/\/fixxit.at\/wp-content\/uploads\/2024\/03\/shop-300x300.jpg 300w, https:\/\/fixxit.at\/wp-content\/uploads\/2024\/03\/shop-150x150.jpg 150w\" sizes=\"(max-width: 459px) 100vw, 459px\" \/>                <\/div>\n          <\/div>\n                <div class=\"box-body\">\n                            <h3 class=\"elementskit-info-box-title\">\n                    SHOP                <\/h3>\n                        \t\t  <p>Wir bieten Ihnen zu absoluten Top-Preisen Produkte rund um Energie Sparen, Photovoltaik, Speicher, Balkonkraftwerke etc.<\/p>\n                                <\/div>\n        \n        \n                <\/div>\n                <\/a>\n        <\/div>\t\t<\/div>\n\t\t\t\t<\/div>\n\t\t\t\t\t<\/div>\n\t\t<\/div>\n\t\t\t\t\t<\/div>\n\t\t<\/section>\n\t\t\t\t<section class=\"elementor-section elementor-top-section elementor-element elementor-element-21d5fab elementor-section-full_width elementor-section-height-default elementor-section-height-default\" data-id=\"21d5fab\" data-element_type=\"section\" id=\"warum\">\n\t\t\t\t\t\t<div class=\"elementor-container elementor-column-gap-no\">\n\t\t\t\t\t<div class=\"elementor-column elementor-col-100 elementor-top-column elementor-element elementor-element-6790045\" data-id=\"6790045\" data-element_type=\"column\">\n\t\t\t<div class=\"elementor-widget-wrap elementor-element-populated\">\n\t\t\t\t\t\t<div class=\"elementor-element elementor-element-e2edd01 elementor-widget elementor-widget-elementskit-testimonial\" data-id=\"e2edd01\" data-element_type=\"widget\" data-widget_type=\"elementskit-testimonial.default\">\n\t\t\t\t<div class=\"elementor-widget-container\">\n\t\t\t<div class=\"ekit-wid-con\" ><div class=\"elementskit-testimonial-slider arrow_inside \" data-config=\"{&quot;rtl&quot;:false,&quot;arrows&quot;:true,&quot;dots&quot;:false,&quot;pauseOnHover&quot;:true,&quot;autoplay&quot;:true,&quot;speed&quot;:1000,&quot;slidesPerGroup&quot;:1,&quot;slidesPerView&quot;:1,&quot;loop&quot;:true,&quot;spaceBetween&quot;:15,&quot;breakpoints&quot;:{&quot;320&quot;:{&quot;slidesPerView&quot;:1,&quot;slidesPerGroup&quot;:1,&quot;spaceBetween&quot;:10},&quot;768&quot;:{&quot;slidesPerView&quot;:2,&quot;slidesPerGroup&quot;:1,&quot;spaceBetween&quot;:10},&quot;1024&quot;:{&quot;slidesPerView&quot;:1,&quot;slidesPerGroup&quot;:1,&quot;spaceBetween&quot;:15}}}\">\n\t<div class=\"ekit-main-swiper swiper\">\n\t\t<div class=\"swiper-wrapper\">\n\t\t\t\t\t\t\t\t<div class=\"swiper-slide\">\n\t\t\t\t\t\t<div class=\"swiper-slide-inner\">\n\t\t\t\t\t\t\t<div class=\"elementskit-testimonial_card\" style=\"background-image: url(https:\/\/fixxit.at\/wp-content\/uploads\/2024\/03\/shutterstock_1811615623.png);\" >\n\t\t\t\t\t\t\t\t\n\t\t\t\t\t\t\t\t\t\t\t\t\t\t\t\t\t<p class=\"elementskit-commentor-coment\">Durch die Erzeugung eigener Energie sind Sie weniger anf\u00e4llig f\u00fcr Preiserh\u00f6hungen bei Energiekosten und externe Versorgungsunterbrechungen <br>\u00a0(Blackout).<\/p>\n\t\t\t\t\t\t\t\t\n\t\t\t\t\t\t\t\t<span class=\"elementskit-profile-info\">\n\t\t\t\t\t\t\t\t\t<strong class=\"elementskit-author-name\">DAMIT SIE IMMER EINEN SCHRITT VORAUS SIND<\/strong>\n\t\t\t\t\t\t\t\t\t<span class=\"elementskit-author-des\">INNOVATION &amp; FORTSCHRITT<\/span>\n\t\t\t\t\t\t\t\t<\/span>\n\t\t\t\t\t\t\t\t<div class=\"xs-overlay elementor-repeater-item-8a3796b\"><\/div>\n\t\t\t\t\t\t\t<\/div><!-- .testimonial_card END -->\n\t\t\t\t\t\t<\/div>\n\t\t\t\t\t<\/div>\n\t\t\t\t\t\t\t\t<div class=\"swiper-slide\">\n\t\t\t\t\t\t<div class=\"swiper-slide-inner\">\n\t\t\t\t\t\t\t<div class=\"elementskit-testimonial_card\" style=\"background-image: url(https:\/\/fixxit.at\/wp-content\/uploads\/2024\/03\/shutterstock_1198880266-1.png);\" >\n\t\t\t\t\t\t\t\t\n\t\t\t\t\t\t\t\t\t\t\t\t\t\t\t\t\t<p class=\"elementskit-commentor-coment\">Energieautarkie tr\u00e4gt zur Sicherheit und Stabilit\u00e4t Ihrer \nEnergieversorgung bei, da Sie nicht von externen Faktoren \nwie politischen Krisen oder Naturkatastrophen abh\u00e4ngig sind.\n<\/p>\n\t\t\t\t\t\t\t\t\n\t\t\t\t\t\t\t\t<span class=\"elementskit-profile-info\">\n\t\t\t\t\t\t\t\t\t<strong class=\"elementskit-author-name\">DAMIT IHNEN NIEMAND DEN STECKER ZIEHT<\/strong>\n\t\t\t\t\t\t\t\t\t<span class=\"elementskit-author-des\">UNABH\u00c4NGIGKEIT VON EXTERNEN ENERGIEQUELLEN<\/span>\n\t\t\t\t\t\t\t\t<\/span>\n\t\t\t\t\t\t\t\t<div class=\"xs-overlay elementor-repeater-item-66865a1\"><\/div>\n\t\t\t\t\t\t\t<\/div><!-- .testimonial_card END -->\n\t\t\t\t\t\t<\/div>\n\t\t\t\t\t<\/div>\n\t\t\t\t\t<\/div>\n\n\t\t\n\t\t\t\t\t<div class=\"swiper-navigation-button swiper-button-prev\"><i class=\"\"><\/i><\/div>\n\t\t\t<div class=\"swiper-navigation-button swiper-button-next\"><i class=\"\"><\/i><\/div>\n\t\t\t<\/div>\n<\/div>\n<\/div>\t\t<\/div>\n\t\t\t\t<\/div>\n\t\t\t\t\t<\/div>\n\t\t<\/div>\n\t\t\t\t\t<\/div>\n\t\t<\/section>\n\t\t\t\t<\/div>\n\t\t","protected":false},"excerpt":{"rendered":"<p>INNOVATIVE ENERGIEOPTIMIERUNG &#8220;DIE ZUKUNFT H\u00c4NGT DAVON AB, WAS WIR HEUTE TUN&#8221; (Mahatma Gandhi) Jetzt Angebot einholen oder im Shop einkaufen \u00dcBER UNS Wir und unsere Partner unterst\u00fctzen SIE auf dem Weg zur Energie-Kosten-SENKUNG bzw. OPTIMIERUNG. Wir bieten Ihnen ma\u00dfgeschneiderte Produkte inklusive Beratung und Montage (IHR PERS\u00d6NLICHES SORGLOSPAKET). Zu unseren Leistungen Sie m\u00f6chten als Vertriebspartner unsere [&hellip;]<\/p>\n","protected":false},"author":1,"featured_media":0,"parent":0,"menu_order":0,"comment_status":"closed","ping_status":"closed","template":"","meta":{"footnotes":""},"_links":{"self":[{"href":"https:\/\/fixxit.at\/index.php?rest_route=\/wp\/v2\/pages\/755"}],"collection":[{"href":"https:\/\/fixxit.at\/index.php?rest_route=\/wp\/v2\/pages"}],"about":[{"href":"https:\/\/fixxit.at\/index.php?rest_route=\/wp\/v2\/types\/page"}],"author":[{"embeddable":true,"href":"https:\/\/fixxit.at\/index.php?rest_route=\/wp\/v2\/users\/1"}],"replies":[{"embeddable":true,"href":"https:\/\/fixxit.at\/index.php?rest_route=%2Fwp%2Fv2%2Fcomments&post=755"}],"version-history":[{"count":233,"href":"https:\/\/fixxit.at\/index.php?rest_route=\/wp\/v2\/pages\/755\/revisions"}],"predecessor-version":[{"id":1357,"href":"https:\/\/fixxit.at\/index.php?rest_route=\/wp\/v2\/pages\/755\/revisions\/1357"}],"wp:attachment":[{"href":"https:\/\/fixxit.at\/index.php?rest_route=%2Fwp%2Fv2%2Fmedia&parent=755"}],"curies":[{"name":"wp","href":"https:\/\/api.w.org\/{rel}","templated":true}]}}